{"id":15,"date":"2025-07-11T13:17:31","date_gmt":"2025-07-11T11:17:31","guid":{"rendered":"https:\/\/klinikacelestynow.pl\/?page_id=15"},"modified":"2026-01-26T22:08:16","modified_gmt":"2026-01-26T21:08:16","slug":"kontakt","status":"publish","type":"page","link":"https:\/\/klinikacelestynow.pl\/index.php\/kontakt\/","title":{"rendered":"Kontakt"},"content":{"rendered":"\n<p><\/p>\n\n\n\n<div class=\"wp-block-media-text is-stacked-on-mobile\"><figure class=\"wp-block-media-text__media\"><img loading=\"lazy\" decoding=\"async\" width=\"493\" height=\"373\" src=\"https:\/\/klinikacelestynow.pl\/wp-content\/uploads\/2025\/08\/Zrzut-ekranu-2025-08-01-134656.png\" alt=\"\" class=\"wp-image-128 size-full\" srcset=\"https:\/\/klinikacelestynow.pl\/wp-content\/uploads\/2025\/08\/Zrzut-ekranu-2025-08-01-134656.png 493w, https:\/\/klinikacelestynow.pl\/wp-content\/uploads\/2025\/08\/Zrzut-ekranu-2025-08-01-134656-300x227.png 300w\" sizes=\"auto, (max-width: 493px) 100vw, 493px\" \/><\/figure><div class=\"wp-block-media-text__content\">\n<p>Do naszej kliniki zapraszamy od 10:00 do 19:00 od poniedzia\u0142ku do pi\u0105tku.<\/p>\n\n\n\n<p>Adres: ul. Osiecka 5 05-430 Celestyn\u00f3w<\/p>\n\n\n\n<p>Rejestracja pod numerem: <a href=\"tel:733539401\">733 539 401<\/a> lub adresem <a href=\"mailto:rejestracja@celestynow.com\" data-type=\"mailto\" data-id=\"mailto:\">klinikacelestynow@gmail.com<\/a><\/p>\n<\/div><\/div>\n\n\n\n<p><\/p>\n","protected":false},"excerpt":{"rendered":"<p>Do naszej kliniki zapraszamy od 10:00 do 19:00 od poniedzia\u0142ku do pi\u0105tku. Adres: ul. Osiecka 5 05-430 Celestyn\u00f3w Rejestracja pod numerem: 733 539 401 lub adresem klinikacelestynow@gmail.com<\/p>\n","protected":false},"author":1,"featured_media":0,"parent":0,"menu_order":0,"comment_status":"closed","ping_status":"closed","template":"","meta":{"footnotes":""},"class_list":["post-15","page","type-page","status-publish","hentry"],"_links":{"self":[{"href":"https:\/\/klinikacelestynow.pl\/index.php\/wp-json\/wp\/v2\/pages\/15","targetHints":{"allow":["GET"]}}],"collection":[{"href":"https:\/\/klinikacelestynow.pl\/index.php\/wp-json\/wp\/v2\/pages"}],"about":[{"href":"https:\/\/klinikacelestynow.pl\/index.php\/wp-json\/wp\/v2\/types\/page"}],"author":[{"embeddable":true,"href":"https:\/\/klinikacelestynow.pl\/index.php\/wp-json\/wp\/v2\/users\/1"}],"replies":[{"embeddable":true,"href":"https:\/\/klinikacelestynow.pl\/index.php\/wp-json\/wp\/v2\/comments?post=15"}],"version-history":[{"count":7,"href":"https:\/\/klinikacelestynow.pl\/index.php\/wp-json\/wp\/v2\/pages\/15\/revisions"}],"predecessor-version":[{"id":157,"href":"https:\/\/klinikacelestynow.pl\/index.php\/wp-json\/wp\/v2\/pages\/15\/revisions\/157"}],"wp:attachment":[{"href":"https:\/\/klinikacelestynow.pl\/index.php\/wp-json\/wp\/v2\/media?parent=15"}],"curies":[{"name":"wp","href":"https:\/\/api.w.org\/{rel}","templated":true}]}}